{"id":569,"date":"2018-11-15T19:50:12","date_gmt":"2018-11-15T18:50:12","guid":{"rendered":"https:\/\/www.cyrilgantin.com\/emrys\/?page_id=569"},"modified":"2020-03-28T01:25:53","modified_gmt":"2020-03-28T00:25:53","slug":"inscription","status":"publish","type":"page","link":"https:\/\/www.cyrilgantin.com\/emrys\/inscription\/","title":{"rendered":"Inscription"},"content":{"rendered":"\t\t<div data-elementor-type=\"wp-post\" data-elementor-id=\"569\" class=\"elementor elementor-569\">\n\t\t\t\t\t\t<div class=\"elementor-inner\">\n\t\t\t\t<div class=\"elementor-section-wrap\">\n\t\t\t\t\t\t\t\t\t<section class=\"elementor-section elementor-top-section elementor-element elementor-element-e3889be elementor-section-content-middle elementor-section-boxed elementor-section-height-default elementor-section-height-default\" data-id=\"e3889be\" data-element_type=\"section\" data-settings=\"{&quot;background_background&quot;:&quot;classic&quot;}\">\n\t\t\t\t\t\t<div class=\"elementor-container elementor-column-gap-no\">\n\t\t\t\t\t\t\t<div class=\"elementor-row\">\n\t\t\t\t\t<div class=\"elementor-column elementor-col-50 elementor-top-column elementor-element elementor-element-798543b elementor-hidden-tablet elementor-hidden-phone\" data-id=\"798543b\" data-element_type=\"column\">\n\t\t\t<div class=\"elementor-column-wrap elementor-element-populated\">\n\t\t\t\t\t\t\t<div class=\"elementor-widget-wrap\">\n\t\t\t\t\t\t<section class=\"elementor-section elementor-inner-section elementor-element elementor-element-1beb390 elementor-section-content-middle elementor-section-boxed elementor-section-height-default elementor-section-height-default\" data-id=\"1beb390\" data-element_type=\"section\">\n\t\t\t\t\t\t<div class=\"elementor-container elementor-column-gap-no\">\n\t\t\t\t\t\t\t<div class=\"elementor-row\">\n\t\t\t\t\t<div class=\"elementor-column elementor-col-50 elementor-inner-column elementor-element elementor-element-fdf91b3\" data-id=\"fdf91b3\" data-element_type=\"column\">\n\t\t\t<div class=\"elementor-column-wrap elementor-element-populated\">\n\t\t\t\t\t\t\t<div class=\"elementor-widget-wrap\">\n\t\t\t\t\t\t<div class=\"elementor-element elementor-element-fde68c3 elementor-widget elementor-widget-image\" data-id=\"fde68c3\" data-element_type=\"widget\" data-widget_type=\"image.default\">\n\t\t\t\t<div class=\"elementor-widget-container\">\n\t\t\t\t\t\t\t\t<div class=\"elementor-image\">\n\t\t\t\t\t\t\t\t\t\t\t\t<img width=\"400\" height=\"400\" src=\"https:\/\/www.cyrilgantin.com\/emrys\/wp-content\/uploads\/sites\/12\/2020\/03\/ava1.png\" class=\"attachment-full size-full\" alt=\"\" loading=\"lazy\" srcset=\"https:\/\/www.cyrilgantin.com\/emrys\/wp-content\/uploads\/sites\/12\/2020\/03\/ava1.png 400w, https:\/\/www.cyrilgantin.com\/emrys\/wp-content\/uploads\/sites\/12\/2020\/03\/ava1-150x150.png 150w, https:\/\/www.cyrilgantin.com\/emrys\/wp-content\/uploads\/sites\/12\/2020\/03\/ava1-300x300.png 300w\" sizes=\"(max-width: 400px) 100vw, 400px\" \/>\t\t\t\t\t\t\t\t\t\t\t\t\t\t<\/div>\n\t\t\t\t\t\t<\/div>\n\t\t\t\t<\/div>\n\t\t\t\t\t\t<\/div>\n\t\t\t\t\t<\/div>\n\t\t<\/div>\n\t\t\t\t<div class=\"elementor-column elementor-col-50 elementor-inner-column elementor-element elementor-element-94da452\" data-id=\"94da452\" data-element_type=\"column\">\n\t\t\t<div class=\"elementor-column-wrap elementor-element-populated\">\n\t\t\t\t\t\t\t<div class=\"elementor-widget-wrap\">\n\t\t\t\t\t\t<div class=\"elementor-element elementor-element-da2bd36 elementor-widget elementor-widget-image\" data-id=\"da2bd36\" data-element_type=\"widget\" data-widget_type=\"image.default\">\n\t\t\t\t<div class=\"elementor-widget-container\">\n\t\t\t\t\t\t\t\t<div class=\"elementor-image\">\n\t\t\t\t\t\t\t\t\t\t\t\t<img width=\"400\" height=\"400\" src=\"https:\/\/www.cyrilgantin.com\/emrys\/wp-content\/uploads\/sites\/12\/2020\/03\/ava4.png\" class=\"attachment-full size-full\" alt=\"\" loading=\"lazy\" srcset=\"https:\/\/www.cyrilgantin.com\/emrys\/wp-content\/uploads\/sites\/12\/2020\/03\/ava4.png 400w, https:\/\/www.cyrilgantin.com\/emrys\/wp-content\/uploads\/sites\/12\/2020\/03\/ava4-150x150.png 150w, https:\/\/www.cyrilgantin.com\/emrys\/wp-content\/uploads\/sites\/12\/2020\/03\/ava4-300x300.png 300w\" sizes=\"(max-width: 400px) 100vw, 400px\" \/>\t\t\t\t\t\t\t\t\t\t\t\t\t\t<\/div>\n\t\t\t\t\t\t<\/div>\n\t\t\t\t<\/div>\n\t\t\t\t\t\t<\/div>\n\t\t\t\t\t<\/div>\n\t\t<\/div>\n\t\t\t\t\t\t\t\t<\/div>\n\t\t\t\t\t<\/div>\n\t\t<\/section>\n\t\t\t\t<section class=\"elementor-section elementor-inner-section elementor-element elementor-element-afe477c elementor-section-content-middle elementor-section-boxed elementor-section-height-default elementor-section-height-default\" data-id=\"afe477c\" data-element_type=\"section\">\n\t\t\t\t\t\t<div class=\"elementor-container elementor-column-gap-no\">\n\t\t\t\t\t\t\t<div class=\"elementor-row\">\n\t\t\t\t\t<div class=\"elementor-column elementor-col-33 elementor-inner-column elementor-element elementor-element-3be7e29\" data-id=\"3be7e29\" data-element_type=\"column\">\n\t\t\t<div class=\"elementor-column-wrap elementor-element-populated\">\n\t\t\t\t\t\t\t<div class=\"elementor-widget-wrap\">\n\t\t\t\t\t\t<div class=\"elementor-element elementor-element-230b4d6 elementor-widget elementor-widget-image\" data-id=\"230b4d6\" data-element_type=\"widget\" data-widget_type=\"image.default\">\n\t\t\t\t<div class=\"elementor-widget-container\">\n\t\t\t\t\t\t\t\t<div class=\"elementor-image\">\n\t\t\t\t\t\t\t\t\t\t\t\t<img width=\"400\" height=\"400\" src=\"https:\/\/www.cyrilgantin.com\/emrys\/wp-content\/uploads\/sites\/12\/2020\/03\/Cyril-GANTIN.png\" class=\"attachment-full size-full\" alt=\"\" loading=\"lazy\" srcset=\"https:\/\/www.cyrilgantin.com\/emrys\/wp-content\/uploads\/sites\/12\/2020\/03\/Cyril-GANTIN.png 400w, https:\/\/www.cyrilgantin.com\/emrys\/wp-content\/uploads\/sites\/12\/2020\/03\/Cyril-GANTIN-150x150.png 150w, https:\/\/www.cyrilgantin.com\/emrys\/wp-content\/uploads\/sites\/12\/2020\/03\/Cyril-GANTIN-300x300.png 300w\" sizes=\"(max-width: 400px) 100vw, 400px\" \/>\t\t\t\t\t\t\t\t\t\t\t\t\t\t<\/div>\n\t\t\t\t\t\t<\/div>\n\t\t\t\t<\/div>\n\t\t\t\t\t\t<\/div>\n\t\t\t\t\t<\/div>\n\t\t<\/div>\n\t\t\t\t<div class=\"elementor-column elementor-col-33 elementor-inner-column elementor-element elementor-element-f7b247d\" data-id=\"f7b247d\" data-element_type=\"column\">\n\t\t\t<div class=\"elementor-column-wrap elementor-element-populated\">\n\t\t\t\t\t\t\t<div class=\"elementor-widget-wrap\">\n\t\t\t\t\t\t<div class=\"elementor-element elementor-element-c921aa3 elementor-widget elementor-widget-image\" data-id=\"c921aa3\" data-element_type=\"widget\" data-widget_type=\"image.default\">\n\t\t\t\t<div class=\"elementor-widget-container\">\n\t\t\t\t\t\t\t\t<div class=\"elementor-image\">\n\t\t\t\t\t\t\t\t\t\t\t\t<img width=\"400\" height=\"400\" src=\"https:\/\/www.cyrilgantin.com\/emrys\/wp-content\/uploads\/sites\/12\/2020\/03\/Alexandra.png\" class=\"attachment-full size-full\" alt=\"\" loading=\"lazy\" srcset=\"https:\/\/www.cyrilgantin.com\/emrys\/wp-content\/uploads\/sites\/12\/2020\/03\/Alexandra.png 400w, https:\/\/www.cyrilgantin.com\/emrys\/wp-content\/uploads\/sites\/12\/2020\/03\/Alexandra-150x150.png 150w, https:\/\/www.cyrilgantin.com\/emrys\/wp-content\/uploads\/sites\/12\/2020\/03\/Alexandra-300x300.png 300w\" sizes=\"(max-width: 400px) 100vw, 400px\" \/>\t\t\t\t\t\t\t\t\t\t\t\t\t\t<\/div>\n\t\t\t\t\t\t<\/div>\n\t\t\t\t<\/div>\n\t\t\t\t\t\t<\/div>\n\t\t\t\t\t<\/div>\n\t\t<\/div>\n\t\t\t\t<div class=\"elementor-column elementor-col-33 elementor-inner-column elementor-element elementor-element-49c60ee\" data-id=\"49c60ee\" data-element_type=\"column\">\n\t\t\t<div class=\"elementor-column-wrap elementor-element-populated\">\n\t\t\t\t\t\t\t<div class=\"elementor-widget-wrap\">\n\t\t\t\t\t\t<div class=\"elementor-element elementor-element-fa1cbef elementor-widget elementor-widget-image\" data-id=\"fa1cbef\" data-element_type=\"widget\" data-widget_type=\"image.default\">\n\t\t\t\t<div class=\"elementor-widget-container\">\n\t\t\t\t\t\t\t\t<div class=\"elementor-image\">\n\t\t\t\t\t\t\t\t\t\t\t\t<img width=\"400\" height=\"400\" src=\"https:\/\/www.cyrilgantin.com\/emrys\/wp-content\/uploads\/sites\/12\/2020\/03\/Jean-Stephane-MALONGTE.png\" class=\"attachment-full size-full\" alt=\"\" loading=\"lazy\" srcset=\"https:\/\/www.cyrilgantin.com\/emrys\/wp-content\/uploads\/sites\/12\/2020\/03\/Jean-Stephane-MALONGTE.png 400w, https:\/\/www.cyrilgantin.com\/emrys\/wp-content\/uploads\/sites\/12\/2020\/03\/Jean-Stephane-MALONGTE-150x150.png 150w, https:\/\/www.cyrilgantin.com\/emrys\/wp-content\/uploads\/sites\/12\/2020\/03\/Jean-Stephane-MALONGTE-300x300.png 300w\" sizes=\"(max-width: 400px) 100vw, 400px\" \/>\t\t\t\t\t\t\t\t\t\t\t\t\t\t<\/div>\n\t\t\t\t\t\t<\/div>\n\t\t\t\t<\/div>\n\t\t\t\t\t\t<\/div>\n\t\t\t\t\t<\/div>\n\t\t<\/div>\n\t\t\t\t\t\t\t\t<\/div>\n\t\t\t\t\t<\/div>\n\t\t<\/section>\n\t\t\t\t\t\t<\/div>\n\t\t\t\t\t<\/div>\n\t\t<\/div>\n\t\t\t\t<div class=\"elementor-column elementor-col-50 elementor-top-column elementor-element elementor-element-b5beea0\" data-id=\"b5beea0\" data-element_type=\"column\">\n\t\t\t<div class=\"elementor-column-wrap elementor-element-populated\">\n\t\t\t\t\t\t\t<div class=\"elementor-widget-wrap\">\n\t\t\t\t\t\t<div class=\"elementor-element elementor-element-020f369 elementor-widget elementor-widget-text-editor\" data-id=\"020f369\" data-element_type=\"widget\" data-widget_type=\"text-editor.default\">\n\t\t\t\t<div class=\"elementor-widget-container\">\n\t\t\t\t\t\t\t\t<div class=\"elementor-text-editor elementor-clearfix\">\n\t\t\t\t<p><strong>rejoindre emrys<\/strong><\/p>\t\t\t\t\t<\/div>\n\t\t\t\t\t\t<\/div>\n\t\t\t\t<\/div>\n\t\t\t\t<div class=\"elementor-element elementor-element-ae9bf43 elementor-widget elementor-widget-heading\" data-id=\"ae9bf43\" data-element_type=\"widget\" data-widget_type=\"heading.default\">\n\t\t\t\t<div class=\"elementor-widget-container\">\n\t\t\t<h3 class=\"elementor-heading-title elementor-size-default\">Choisir son parrain<\/h3>\t\t<\/div>\n\t\t\t\t<\/div>\n\t\t\t\t<div class=\"elementor-element elementor-element-e6442e9 elementor-widget-divider--view-line elementor-widget elementor-widget-divider\" data-id=\"e6442e9\" data-element_type=\"widget\" data-widget_type=\"divider.default\">\n\t\t\t\t<div class=\"elementor-widget-container\">\n\t\t\t\t\t<div class=\"elementor-divider\">\n\t\t\t<span class=\"elementor-divider-separator\">\n\t\t\t\t\t\t<\/span>\n\t\t<\/div>\n\t\t\t\t<\/div>\n\t\t\t\t<\/div>\n\t\t\t\t\t\t<\/div>\n\t\t\t\t\t<\/div>\n\t\t<\/div>\n\t\t\t\t\t\t\t\t<\/div>\n\t\t\t\t\t<\/div>\n\t\t<\/section>\n\t\t\t\t<section class=\"elementor-section elementor-top-section elementor-element elementor-element-663fc8e2 elementor-section-boxed elementor-section-height-default elementor-section-height-default\" data-id=\"663fc8e2\" data-element_type=\"section\" data-settings=\"{&quot;background_background&quot;:&quot;classic&quot;}\">\n\t\t\t\t\t\t<div class=\"elementor-container elementor-column-gap-default\">\n\t\t\t\t\t\t\t<div class=\"elementor-row\">\n\t\t\t\t\t<div class=\"elementor-column elementor-col-100 elementor-top-column elementor-element elementor-element-1f24bfda\" data-id=\"1f24bfda\" data-element_type=\"column\">\n\t\t\t<div class=\"elementor-column-wrap elementor-element-populated\">\n\t\t\t\t\t\t\t<div class=\"elementor-widget-wrap\">\n\t\t\t\t\t\t<div class=\"elementor-element elementor-element-7d23514c elementor-drop-cap-yes elementor-drop-cap-view-default elementor-widget elementor-widget-text-editor\" data-id=\"7d23514c\" data-element_type=\"widget\" data-settings=\"{&quot;drop_cap&quot;:&quot;yes&quot;}\" data-widget_type=\"text-editor.default\">\n\t\t\t\t<div class=\"elementor-widget-container\">\n\t\t\t\t\t\t\t\t<div class=\"elementor-text-editor elementor-clearfix\">\n\t\t\t\t<p><span style=\"color: #333333;\">Vous devez imp\u00e9rativement \u00eatre recommand\u00e9 par un adh\u00e9rent afin de rejoindre notre programme de fid\u00e9lit\u00e9 local multi-enseigne. <\/span><\/p><p><span style=\"color: #333333;\">Une fois adh\u00e9rent, vous aurez acc\u00e8s \u00e0 un <\/span><span style=\"text-decoration: underline;\"><strong><a href=\"https:\/\/www.cyrilgantin.com\/emrys\/formation\/\" target=\"_blank\" rel=\"noopener\">espace de formation fourni par la TEAM 100K<\/a><\/strong><\/span><span style=\"color: #333333;\">\u00a0ainsi qu&#8217;un <span style=\"text-decoration: underline;\"><strong><a href=\"https:\/\/www.cyrilgantin.com\/emrys\/formation\/\">cadeau de bienvenue<\/a><\/strong><\/span>.<\/span><\/p><p><span style=\"color: #333333;\">Inscrivez-vous avec le lien de parrainage de la personne qui vous a fait d\u00e9couvrir la coop\u00e9rative :<\/span><\/p>\t\t\t\t\t<\/div>\n\t\t\t\t\t\t<\/div>\n\t\t\t\t<\/div>\n\t\t\t\t\t\t<\/div>\n\t\t\t\t\t<\/div>\n\t\t<\/div>\n\t\t\t\t\t\t\t\t<\/div>\n\t\t\t\t\t<\/div>\n\t\t<\/section>\n\t\t\t\t<section class=\"elementor-section elementor-top-section elementor-element elementor-element-c5345fd elementor-section-boxed elementor-section-height-default elementor-section-height-default\" data-id=\"c5345fd\" data-element_type=\"section\">\n\t\t\t\t\t\t<div class=\"elementor-container elementor-column-gap-default\">\n\t\t\t\t\t\t\t<div class=\"elementor-row\">\n\t\t\t\t\t<div class=\"elementor-column elementor-col-33 elementor-top-column elementor-element elementor-element-a567f84\" data-id=\"a567f84\" data-element_type=\"column\">\n\t\t\t<div class=\"elementor-column-wrap elementor-element-populated\">\n\t\t\t\t\t\t\t<div class=\"elementor-widget-wrap\">\n\t\t\t\t\t\t<div class=\"elementor-element elementor-element-3e61797 eael-team-align-centered elementor-widget elementor-widget-eael-team-member\" data-id=\"3e61797\" data-element_type=\"widget\" data-widget_type=\"eael-team-member.default\">\n\t\t\t\t<div class=\"elementor-widget-container\">\n\t\t\t\n\n\t<div id=\"eael-team-member-3e61797\" class=\"eael-team-item eael-team-members-simple team-avatar-rounded\">\n\t\t<div class=\"eael-team-item-inner\">\n\t\t\t<div class=\"eael-team-image\">\n\t\t\t\t<figure>\n\t\t\t\t\t<img src=\"https:\/\/www.cyrilgantin.com\/emrys\/wp-content\/uploads\/sites\/12\/2020\/03\/Cyril-GANTIN.png\" alt=\"\">\n\t\t\t\t<\/figure>\n\t\t\t\t\t\t\t<\/div>\n\n\t\t\t<div class=\"eael-team-content\">\n\t\t\t\t<h3 class=\"eael-team-member-name\">Cyril GANTIN<\/h3>\n\t\t\t\t<h4 class=\"eael-team-member-position\">Gen\u00e8ve - Suisse<\/h4>\n\n\t\t\t\t\t\t\t\t\t\t\t\t\t\t<p class=\"eael-team-text\">Lien de parrainage de Cyril : <a href=\"https:\/\/myemrys.net\/part\/5477\">https:\/\/myemrys.net\/part\/5477<\/a><\/p>\n\t\t\t\t\t\t\t<\/div>\n\t\t<\/div>\n\t<\/div>\n\t\t\t<\/div>\n\t\t\t\t<\/div>\n\t\t\t\t\t\t<\/div>\n\t\t\t\t\t<\/div>\n\t\t<\/div>\n\t\t\t\t<div class=\"elementor-column elementor-col-33 elementor-top-column elementor-element elementor-element-e48550b\" data-id=\"e48550b\" data-element_type=\"column\">\n\t\t\t<div class=\"elementor-column-wrap elementor-element-populated\">\n\t\t\t\t\t\t\t<div class=\"elementor-widget-wrap\">\n\t\t\t\t\t\t<div class=\"elementor-element elementor-element-556fd2e eael-team-align-centered elementor-widget elementor-widget-eael-team-member\" data-id=\"556fd2e\" data-element_type=\"widget\" data-widget_type=\"eael-team-member.default\">\n\t\t\t\t<div class=\"elementor-widget-container\">\n\t\t\t\n\n\t<div id=\"eael-team-member-556fd2e\" class=\"eael-team-item eael-team-members-simple team-avatar-rounded\">\n\t\t<div class=\"eael-team-item-inner\">\n\t\t\t<div class=\"eael-team-image\">\n\t\t\t\t<figure>\n\t\t\t\t\t<img src=\"https:\/\/www.cyrilgantin.com\/emrys\/wp-content\/uploads\/sites\/12\/2020\/03\/Alexandra.png\" alt=\"\">\n\t\t\t\t<\/figure>\n\t\t\t\t\t\t\t<\/div>\n\n\t\t\t<div class=\"eael-team-content\">\n\t\t\t\t<h3 class=\"eael-team-member-name\">Alexandra Madaci Lechot<\/h3>\n\t\t\t\t<h4 class=\"eael-team-member-position\">13210 Saint R\u00e9my de Provence<\/h4>\n\n\t\t\t\t\t\t\t\t\t\t\t\t\t\t<p class=\"eael-team-text\">Lien de parrainage d'Alexandra : <a href=\"https:\/\/myemrys.net\/part\/17551\">https:\/\/myemrys.net\/part\/17551<\/a><\/p>\n\t\t\t\t\t\t\t<\/div>\n\t\t<\/div>\n\t<\/div>\n\t\t\t<\/div>\n\t\t\t\t<\/div>\n\t\t\t\t\t\t<\/div>\n\t\t\t\t\t<\/div>\n\t\t<\/div>\n\t\t\t\t<div class=\"elementor-column elementor-col-33 elementor-top-column elementor-element elementor-element-5d38ad6\" data-id=\"5d38ad6\" data-element_type=\"column\">\n\t\t\t<div class=\"elementor-column-wrap elementor-element-populated\">\n\t\t\t\t\t\t\t<div class=\"elementor-widget-wrap\">\n\t\t\t\t\t\t<div class=\"elementor-element elementor-element-11cd687 eael-team-align-centered elementor-widget elementor-widget-eael-team-member\" data-id=\"11cd687\" data-element_type=\"widget\" data-widget_type=\"eael-team-member.default\">\n\t\t\t\t<div class=\"elementor-widget-container\">\n\t\t\t\n\n\t<div id=\"eael-team-member-11cd687\" class=\"eael-team-item eael-team-members-simple \">\n\t\t<div class=\"eael-team-item-inner\">\n\t\t\t<div class=\"eael-team-image\">\n\t\t\t\t<figure>\n\t\t\t\t\t<img src=\"https:\/\/www.cyrilgantin.com\/emrys\/wp-content\/uploads\/sites\/12\/2020\/03\/Jean-Stephane-MALONGTE.png\" alt=\"\">\n\t\t\t\t<\/figure>\n\t\t\t\t\t\t\t<\/div>\n\n\t\t\t<div class=\"eael-team-content\">\n\t\t\t\t<h3 class=\"eael-team-member-name\">Jean-Stephane Malongte<\/h3>\n\t\t\t\t<h4 class=\"eael-team-member-position\">69100 VILLEURBANNE<\/h4>\n\n\t\t\t\t\t\t\t\t\t\t\t\t\t\t<p class=\"eael-team-text\">Lien de parrainage de Jean-Stephane : <a href=\"https:\/\/myemrys.net\/part\/6236\">https:\/\/myemrys.net\/part\/6236<\/a><\/p>\n\t\t\t\t\t\t\t<\/div>\n\t\t<\/div>\n\t<\/div>\n\t\t\t<\/div>\n\t\t\t\t<\/div>\n\t\t\t\t\t\t<\/div>\n\t\t\t\t\t<\/div>\n\t\t<\/div>\n\t\t\t\t\t\t\t\t<\/div>\n\t\t\t\t\t<\/div>\n\t\t<\/section>\n\t\t\t\t\t\t\t\t\t<\/div>\n\t\t\t<\/div>\n\t\t\t\t\t<\/div>\n\t\t","protected":false},"excerpt":{"rendered":"<p>rejoindre emrys Choisir son parrain Vous devez imp\u00e9rativement \u00eatre recommand\u00e9 par un adh\u00e9rent afin de rejoindre notre programme de fid\u00e9lit\u00e9 local multi-enseigne. Une fois adh\u00e9rent, vous aurez acc\u00e8s \u00e0 un espace de formation fourni par la TEAM 100K\u00a0ainsi qu&#8217;un cadeau de bienvenue. Inscrivez-vous avec le lien de parrainage de la personne qui vous a fait [&hellip;]<\/p>\n","protected":false},"author":1,"featured_media":0,"parent":0,"menu_order":0,"comment_status":"closed","ping_status":"closed","template":"elementor_header_footer","meta":[],"_links":{"self":[{"href":"https:\/\/www.cyrilgantin.com\/emrys\/wp-json\/wp\/v2\/pages\/569"}],"collection":[{"href":"https:\/\/www.cyrilgantin.com\/emrys\/wp-json\/wp\/v2\/pages"}],"about":[{"href":"https:\/\/www.cyrilgantin.com\/emrys\/wp-json\/wp\/v2\/types\/page"}],"author":[{"embeddable":true,"href":"https:\/\/www.cyrilgantin.com\/emrys\/wp-json\/wp\/v2\/users\/1"}],"replies":[{"embeddable":true,"href":"https:\/\/www.cyrilgantin.com\/emrys\/wp-json\/wp\/v2\/comments?post=569"}],"version-history":[{"count":48,"href":"https:\/\/www.cyrilgantin.com\/emrys\/wp-json\/wp\/v2\/pages\/569\/revisions"}],"predecessor-version":[{"id":2126,"href":"https:\/\/www.cyrilgantin.com\/emrys\/wp-json\/wp\/v2\/pages\/569\/revisions\/2126"}],"wp:attachment":[{"href":"https:\/\/www.cyrilgantin.com\/emrys\/wp-json\/wp\/v2\/media?parent=569"}],"curies":[{"name":"wp","href":"https:\/\/api.w.org\/{rel}","templated":true}]}}