{"id":1820,"date":"2019-10-20T09:33:14","date_gmt":"2019-10-20T07:33:14","guid":{"rendered":"https:\/\/www.cyrilgantin.com\/emrys\/?page_id=1820"},"modified":"2020-03-27T19:54:30","modified_gmt":"2020-03-27T18:54:30","slug":"formation","status":"publish","type":"page","link":"https:\/\/www.cyrilgantin.com\/emrys\/formation\/","title":{"rendered":"Formation"},"content":{"rendered":"\t\t<div data-elementor-type=\"wp-post\" data-elementor-id=\"1820\" class=\"elementor elementor-1820\">\n\t\t\t\t\t\t<div class=\"elementor-inner\">\n\t\t\t\t<div class=\"elementor-section-wrap\">\n\t\t\t\t\t\t\t\t\t<section class=\"elementor-section elementor-top-section elementor-element elementor-element-2e4eb61 elementor-section-boxed elementor-section-height-default elementor-section-height-default\" data-id=\"2e4eb61\" data-element_type=\"section\">\n\t\t\t\t\t\t<div class=\"elementor-container elementor-column-gap-default\">\n\t\t\t\t\t\t\t<div class=\"elementor-row\">\n\t\t\t\t\t<div class=\"elementor-column elementor-col-100 elementor-top-column elementor-element elementor-element-e40f295\" data-id=\"e40f295\" data-element_type=\"column\">\n\t\t\t<div class=\"elementor-column-wrap elementor-element-populated\">\n\t\t\t\t\t\t\t<div class=\"elementor-widget-wrap\">\n\t\t\t\t\t\t<div class=\"elementor-element elementor-element-8afec0c elementor-widget elementor-widget-image\" data-id=\"8afec0c\" data-element_type=\"widget\" data-widget_type=\"image.default\">\n\t\t\t\t<div class=\"elementor-widget-container\">\n\t\t\t\t\t\t\t\t<div class=\"elementor-image\">\n\t\t\t\t\t\t\t\t\t\t\t\t<img width=\"300\" height=\"84\" src=\"https:\/\/www.cyrilgantin.com\/emrys\/wp-content\/uploads\/sites\/12\/2020\/03\/Logo-TEAM100K-300x84.png\" class=\"attachment-medium size-medium\" alt=\"\" loading=\"lazy\" srcset=\"https:\/\/www.cyrilgantin.com\/emrys\/wp-content\/uploads\/sites\/12\/2020\/03\/Logo-TEAM100K-300x84.png 300w, https:\/\/www.cyrilgantin.com\/emrys\/wp-content\/uploads\/sites\/12\/2020\/03\/Logo-TEAM100K-768x216.png 768w, https:\/\/www.cyrilgantin.com\/emrys\/wp-content\/uploads\/sites\/12\/2020\/03\/Logo-TEAM100K-1024x288.png 1024w, https:\/\/www.cyrilgantin.com\/emrys\/wp-content\/uploads\/sites\/12\/2020\/03\/Logo-TEAM100K.png 1579w\" sizes=\"(max-width: 300px) 100vw, 300px\" \/>\t\t\t\t\t\t\t\t\t\t\t\t\t\t<\/div>\n\t\t\t\t\t\t<\/div>\n\t\t\t\t<\/div>\n\t\t\t\t<div class=\"elementor-element elementor-element-3d9e272 elementor-widget elementor-widget-text-editor\" data-id=\"3d9e272\" data-element_type=\"widget\" data-widget_type=\"text-editor.default\">\n\t\t\t\t<div class=\"elementor-widget-container\">\n\t\t\t\t\t\t\t\t<div class=\"elementor-text-editor elementor-clearfix\">\n\t\t\t\t<h1><span style=\"color: #ff0000;\">Acc\u00e8s R\u00e9serv\u00e9 !<\/span><\/h1><hr \/><p>Veuillez remplir le formulaire ci-dessous pour d\u00e9bloquer l&#8217;int\u00e9gralit\u00e9 de la formation r\u00e9serv\u00e9e aux membres de la TEAM 100K.<\/p>\t\t\t\t\t<\/div>\n\t\t\t\t\t\t<\/div>\n\t\t\t\t<\/div>\n\t\t\t\t<div class=\"elementor-element elementor-element-6ea5c54 elementor-widget elementor-widget-shortcode\" data-id=\"6ea5c54\" data-element_type=\"widget\" data-widget_type=\"shortcode.default\">\n\t\t\t\t<div class=\"elementor-widget-container\">\n\t\t\t\t\t<div class=\"elementor-shortcode\"><div class=\"wpforms-container wpforms-container-full\" id=\"wpforms-1822\"><form id=\"wpforms-form-1822\" class=\"wpforms-validate wpforms-form\" data-formid=\"1822\" method=\"post\" enctype=\"multipart\/form-data\" action=\"\/emrys\/wp-json\/wp\/v2\/pages\/1820\" data-token=\"d429ba754af57029a999875a2b75a7b4\"><div class=\"wpforms-head-container\"><\/div><noscript class=\"wpforms-error-noscript\">Veuillez activer JavaScript dans votre navigateur pour remplir ce formulaire.<\/noscript><div class=\"wpforms-field-container\"><div id=\"wpforms-1822-field_5-container\" class=\"wpforms-field wpforms-field-name\" data-field-id=\"5\"><label class=\"wpforms-field-label\" for=\"wpforms-1822-field_5\">Pr\u00e9nom <span class=\"wpforms-required-label\">*<\/span><\/label><input type=\"text\" id=\"wpforms-1822-field_5\" class=\"wpforms-field-medium wpforms-field-required\" name=\"wpforms[fields][5]\" required><\/div><div id=\"wpforms-1822-field_6-container\" class=\"wpforms-field wpforms-field-name\" data-field-id=\"6\"><label class=\"wpforms-field-label\" for=\"wpforms-1822-field_6\">Nom de famille <span class=\"wpforms-required-label\">*<\/span><\/label><input type=\"text\" id=\"wpforms-1822-field_6\" class=\"wpforms-field-medium wpforms-field-required\" name=\"wpforms[fields][6]\" required><\/div><div id=\"wpforms-1822-field_8-container\" class=\"wpforms-field wpforms-field-number\" data-field-id=\"8\"><label class=\"wpforms-field-label\" for=\"wpforms-1822-field_8\">N\u00b0 ID Emrys <span class=\"wpforms-required-label\">*<\/span><\/label><input type=\"number\" pattern=\"\\d*\" id=\"wpforms-1822-field_8\" class=\"wpforms-field-medium wpforms-field-required\" name=\"wpforms[fields][8]\" required><div class=\"wpforms-field-description\">Pour conna\u00eetre votre num\u00e9ro client Emrys, rendez-vous dans Boutique en ligne, rubrique Mon Compte.<\/div><\/div><div id=\"wpforms-1822-field_4-container\" class=\"wpforms-field wpforms-field-email\" data-field-id=\"4\"><label class=\"wpforms-field-label\" for=\"wpforms-1822-field_4\">E-mail Emrys <span class=\"wpforms-required-label\">*<\/span><\/label><input type=\"email\" id=\"wpforms-1822-field_4\" class=\"wpforms-field-medium wpforms-field-required\" name=\"wpforms[fields][4]\" required><\/div><div id=\"wpforms-1822-field_2-container\" class=\"wpforms-field wpforms-field-select\" data-field-id=\"2\"><label class=\"wpforms-field-label\" for=\"wpforms-1822-field_2\">Statut <span class=\"wpforms-required-label\">*<\/span><\/label><select id=\"wpforms-1822-field_2\" class=\"wpforms-field-medium wpforms-field-required\" name=\"wpforms[fields][2]\" required=\"required\"><option value=\"Acheteur\" >Acheteur<\/option><option value=\"Acheteur-Enchant\u00e9\" >Acheteur-Enchant\u00e9<\/option><option value=\"Enchanteur\" >Enchanteur<\/option><\/select><div class=\"wpforms-field-description\">Quelle cotisation annuelle avez-vous choisi ?<\/div><\/div><\/div><div class=\"wpforms-field wpforms-field-hp\"><label for=\"wpforms-1822-field-hp\" class=\"wpforms-field-label\">Website<\/label><input type=\"text\" name=\"wpforms[hp]\" id=\"wpforms-1822-field-hp\" class=\"wpforms-field-medium\"><\/div><div class=\"wpforms-submit-container\"><input type=\"hidden\" name=\"wpforms[id]\" value=\"1822\"><input type=\"hidden\" name=\"wpforms[author]\" value=\"1\"><button type=\"submit\" name=\"wpforms[submit]\" id=\"wpforms-submit-1822\" class=\"wpforms-submit\" data-alt-text=\"Envoi...\" data-submit-text=\"Envoyer\" aria-live=\"assertive\" value=\"wpforms-submit\">Envoyer<\/button><\/div><\/form><\/div>  <!-- .wpforms-container --><\/div>\n\t\t\t\t<\/div>\n\t\t\t\t<\/div>\n\t\t\t\t\t\t<\/div>\n\t\t\t\t\t<\/div>\n\t\t<\/div>\n\t\t\t\t\t\t\t\t<\/div>\n\t\t\t\t\t<\/div>\n\t\t<\/section>\n\t\t\t\t\t\t\t\t\t<\/div>\n\t\t\t<\/div>\n\t\t\t\t\t<\/div>\n\t\t","protected":false},"excerpt":{"rendered":"<p>Acc\u00e8s R\u00e9serv\u00e9 ! Veuillez remplir le formulaire ci-dessous pour d\u00e9bloquer l&#8217;int\u00e9gralit\u00e9 de la formation r\u00e9serv\u00e9e aux membres de la TEAM 100K.<\/p>\n","protected":false},"author":1,"featured_media":0,"parent":0,"menu_order":0,"comment_status":"closed","ping_status":"closed","template":"","meta":[],"_links":{"self":[{"href":"https:\/\/www.cyrilgantin.com\/emrys\/wp-json\/wp\/v2\/pages\/1820"}],"collection":[{"href":"https:\/\/www.cyrilgantin.com\/emrys\/wp-json\/wp\/v2\/pages"}],"about":[{"href":"https:\/\/www.cyrilgantin.com\/emrys\/wp-json\/wp\/v2\/types\/page"}],"author":[{"embeddable":true,"href":"https:\/\/www.cyrilgantin.com\/emrys\/wp-json\/wp\/v2\/users\/1"}],"replies":[{"embeddable":true,"href":"https:\/\/www.cyrilgantin.com\/emrys\/wp-json\/wp\/v2\/comments?post=1820"}],"version-history":[{"count":4,"href":"https:\/\/www.cyrilgantin.com\/emrys\/wp-json\/wp\/v2\/pages\/1820\/revisions"}],"predecessor-version":[{"id":2085,"href":"https:\/\/www.cyrilgantin.com\/emrys\/wp-json\/wp\/v2\/pages\/1820\/revisions\/2085"}],"wp:attachment":[{"href":"https:\/\/www.cyrilgantin.com\/emrys\/wp-json\/wp\/v2\/media?parent=1820"}],"curies":[{"name":"wp","href":"https:\/\/api.w.org\/{rel}","templated":true}]}}